{"id":9053,"date":"2017-11-21T10:20:45","date_gmt":"2017-11-21T10:20:45","guid":{"rendered":"https:\/\/www.provatest.it\/sagnarotonda\/civico8\/"},"modified":"2026-03-16T08:18:44","modified_gmt":"2026-03-16T08:18:44","slug":"civico8","status":"publish","type":"page","link":"https:\/\/www.sagnarotonda.com\/fr\/civico8\/","title":{"rendered":"Civico 8"},"content":{"rendered":"<p>[vc_row css=\u00a0\u00bb.vc_custom_1508915521034{margin-bottom: 25px !important;background-color: #ffffff !important;}\u00a0\u00bb el_class=\u00a0\u00bbombra\u00a0\u00bb][vc_column]<div class=\"eltd-elements-holder eltd-two-columns eltd-responsive-mode-768\" ><div class=\"eltd-elements-holder-item \" data-item-class=\"eltd-elements-holder-custom-561344\" data-600-768=\"0 17% 30px 17%\" style=\"background-image: url(https:\/\/www.sagnarotonda.com\/wp-content\/uploads\/2017\/10\/civico-8.jpg)\">\n\t<div class=\"eltd-elements-holder-item-inner\">\n\t\t<div class=\"eltd-elements-holder-item-content eltd-elements-holder-custom-561344\" style=\"padding: 0 0 0 0\">\n\t\t\t<div class=\"eltd-info-box-holder eltd-detailed eltd-interactive eltd-light\">\n\t<div class=\"eltd-info-box-inner\">\n\t\t<div class=\"eltd-ib-front-holder\">\n\t\t\t<div class=\"eltd-ib-front-holder-inner\">\n\t\t\t\t<div class=\"eltd-ib-top-holder\">\n\t\t\t\t\t\n\t\t\t\t\t\t\t\t\t\t\t<div class=\"eltd-ib-title-holder\">\n\t\t\t\t\t\t\t<h2 class=\"eltd-ib-title\">\n\t\t\t\t\t\t\t\teeeewewew w ew\t\t\t\t\t\t\t<\/h2>\n\t\t\t\t\t\t<\/div>\n\t\t\t\t\t\t\t\t\t<\/div>\n\n\t\t\t\t<div class=\"eltd-ib-bottom-holder\">\n\t\t\t\t\t\n\t\t\t\t\t\t\t\t\t<\/div>\n\t\t\t<\/div>\n\n\t\t<\/div>\n\t\t\t\t<div class=\"eltd-ib-overlay\" ><\/div>\n\t\t\t<\/div>\n<\/div>\t\t<\/div>\n\t<\/div>\n<\/div><div class=\"eltd-elements-holder-item \" data-item-class=\"eltd-elements-holder-custom-727948\" data-768-1024=\"30px 30px 120px 60px\" data-600-768=\"30px 30px 30px 60px\" data-480-600=\"30px 30px 30px 60px\" data-480=\"30px 30px 30px 60px\" >\n\t<div class=\"eltd-elements-holder-item-inner\">\n\t\t<div class=\"eltd-elements-holder-item-content eltd-elements-holder-custom-727948\" style=\"padding: 120px 30px 120px 60px\">\n\t\t\t<div class=\"eltd-section-title-outer-holder\" style=\"text-align: left\">\n\n\t\t\t<div class=\"eltd-section-subtitle-holder\">\n\t\t\t<h5 class=\"eltd-section-subtitle\" style=\"font-family: playfair display;font-size: 50px;color: #333333;font-weight: 600;line-height: 63px;text-transform: None;letter-spacing: 0.5px\">\n\t\t\t\tCivico 8\t\t\t<\/h5>\n\t\t<\/div>\n\t\n\t\n<\/div>[vc_raw_html css=\u00a0\u00bb.vc_custom_1773649127059{padding-top: 20px !important;}\u00a0\u00bb]JTNDZGl2JTIwY2xhc3MlM0QlMjJjbGVhcmZpeCUyMGVsdGQtc2VjdGlvbi1pbm5lciUyMiUzRSUzQ2RpdiUyMGNsYXNzJTNEJTIyZWx0ZC1zZWN0aW9uLWlubmVyLW1hcmdpbiUyMGNsZWFyZml4JTIyJTNFJTNDZGl2JTIwY2xhc3MlM0QlMjJ3cGJfY29sdW1uJTIwdmNfY29sdW1uX2NvbnRhaW5lciUyMHZjX2NvbC1zbS0xMCUyMHZjX2NvbC1sZy1vZmZzZXQtMCUyMHZjX2NvbC1sZy00JTIwdmNfY29sLW1kLW9mZnNldC0wJTIwdmNfY29sLW1kLTQlMjB2Y19jb2wtc20tb2Zmc2V0LTElMjIlM0UlM0NkaXYlMjBjbGFzcyUzRCUyMnZjX2NvbHVtbi1pbm5lciUyMCUyMiUzRSUzQ2RpdiUyMGNsYXNzJTNEJTIyd3BiX3dyYXBwZXIlMjIlM0UlM0NkaXYlMjBjbGFzcyUzRCUyMmVsdGQtaXd0JTIwZWx0ZC1pd3QtaWNvbi1sZWZ0JTIwZWx0ZC1pd3QtaWNvbi10aW55JTIyJTNFJTBBJTIwJTIwJTIwJTIwJTNDZGl2JTIwY2xhc3MlM0QlMjJlbHRkLWl3dC1pY29uLWhvbGRlciUyMiUzRSUwQSUyMCUyMCUyMCUyMCUyMCUyMCUyMCUyMCUyMCUyMCUyMCUyMCUyMCUyMCUyMCUyMCUyMCUyMCUyMCUyMCUzQ2ltZyUyMHdpZHRoJTNEJTIyNDAlMjIlMjBoZWlnaHQlM0QlMjIzNCUyMiUyMHNyYyUzRCUyMmh0dHBzJTNBJTJGJTJGd3d3LnByb3ZhdGVzdC5pdCUyRnNhZ25hcm90b25kYSUyRndwLWNvbnRlbnQlMkZ1cGxvYWRzJTJGMjAxNyUyRjEwJTJGb3NwaXRpLnBuZyUyMiUyMGNsYXNzJTNEJTIyYXR0YWNobWVudC1mdWxsJTIwc2l6ZS1mdWxsJTIyJTIwYWx0JTNEJTIyJTIyJTNFJTIwJTIwJTIwJTIwJTIwJTIwJTIwJTIwJTIwJTIwJTIwJTIwJTNDJTJGZGl2JTNFJTBBJTIwJTIwJTIwJTIwJTNDZGl2JTIwY2xhc3MlM0QlMjJlbHRkLWl3dC1jb250ZW50LWhvbGRlciUyMiUyMHN0eWxlJTNEJTIycGFkZGluZy1sZWZ0JTNBJTIwNTVweCUyMiUzRSUwQSUyMCUyMCUyMCUyMCUyMCUyMCUyMCUyMCUzQ2RpdiUyMGNsYXNzJTNEJTIyZWx0ZC1pd3QtdGl0bGUtaG9sZGVyJTIyJTNFJTBBJTIwJTIwJTIwJTIwJTIwJTIwJTIwJTIwJTIwJTIwJTIwJTIwJTNDaDUlMjBzdHlsZSUzRCUyMk1BUkdJTi1UT1AlM0ElMjAxMlBYJTNCZm9udC1zaXplJTNBJTIwMTJweCUzQmNvbG9yJTNBJTIwZ3JleSUzQmZvbnQtZmFtaWx5JTNBJTIwbGF0byUzQiUyMiUzRTQlMjBQRVJTT05ORVMlM0MlMkZoNSUzRSUwQSUyMCUyMCUyMCUyMCUyMCUyMCUyMCUyMCUzQyUyRmRpdiUzRSUwQSUyMCUyMCUyMCUyMCUyMCUyMCUyMCUyMCUzQ2RpdiUyMGNsYXNzJTNEJTIyZWx0ZC1pd3QtdGV4dC1ob2xkZXIlMjIlM0UlMEElMjAlMjAlMjAlMjAlMjAlMjAlMjAlMjAlMjAlMjAlMjAlMjAlM0NwJTNFJTNDJTJGcCUzRSUwQSUwQSUyMCUyMCUyMCUyMCUyMCUyMCUyMCUyMCUyMCUyMCUyMCUyMCUyMCUyMCUyMCUyMCUyMCUyMCUyMCUyMCUzQyUyRmRpdiUzRSUwQSUyMCUyMCUyMCUyMCUzQyUyRmRpdiUzRSUwQSUzQyUyRmRpdiUzRSUzQ2RpdiUyMGNsYXNzJTNEJTIydmNfZW1wdHlfc3BhY2UlMjIlMjBzdHlsZSUzRCUyMmhlaWdodCUzQSUyMDQwcHglMjIlM0UlM0NzcGFuJTIwY2xhc3MlM0QlMjJ2Y19lbXB0eV9zcGFjZV9pbm5lciUyMiUzRSUzQyUyRnNwYW4lM0UlM0MlMkZkaXYlM0UlMEElM0MlMkZkaXYlM0UlM0MlMkZkaXYlM0UlM0MlMkZkaXYlM0UlM0NkaXYlMjBjbGFzcyUzRCUyMndwYl9jb2x1bW4lMjB2Y19jb2x1bW5fY29udGFpbmVyJTIwdmNfY29sLXNtLTEwJTIwdmNfY29sLWxnLW9mZnNldC0wJTIwdmNfY29sLWxnLTQlMjB2Y19jb2wtbWQtb2Zmc2V0LTAlMjB2Y19jb2wtbWQtNCUyMHZjX2NvbC1zbS1vZmZzZXQtMSUyMG0lMjIlM0UlM0NkaXYlMjBjbGFzcyUzRCUyMnZjX2NvbHVtbi1pbm5lciUyMCUyMiUzRSUzQ2RpdiUyMGNsYXNzJTNEJTIyd3BiX3dyYXBwZXIlMjIlM0UlM0NkaXYlMjBjbGFzcyUzRCUyMmVsdGQtaXd0JTIwZWx0ZC1pd3QtaWNvbi1sZWZ0JTIwZWx0ZC1pd3QtaWNvbi10aW55JTIyJTNFJTBBJTIwJTIwJTIwJTIwJTNDZGl2JTIwY2xhc3MlM0QlMjJlbHRkLWl3dC1pY29uLWhvbGRlciUyMiUzRSUwQSUyMCUyMCUyMCUyMCUyMCUyMCUyMCUyMCUyMCUyMCUyMCUyMCUyMCUyMCUyMCUyMCUyMCUyMCUyMCUyMCUzQ2ltZyUyMHdpZHRoJTNEJTIyNDAlMjIlMjBoZWlnaHQlM0QlMjIzNCUyMiUyMHNyYyUzRCUyMmh0dHBzJTNBJTJGJTJGd3d3LnByb3ZhdGVzdC5pdCUyRnNhZ25hcm90b25kYSUyRndwLWNvbnRlbnQlMkZ1cGxvYWRzJTJGMjAxNyUyRjEwJTJGcG9zdGktbGV0dG8ucG5nJTIyJTIwY2xhc3MlM0QlMjJhdHRhY2htZW50LWZ1bGwlMjBzaXplLWZ1bGwlMjIlMjBhbHQlM0QlMjIlMjIlM0UlMjAlMjAlMjAlMjAlMjAlMjAlMjAlMjAlMjAlMjAlMjAlMjAlM0MlMkZkaXYlM0UlMEElMjAlMjAlMjAlMjAlM0NkaXYlMjBjbGFzcyUzRCUyMmVsdGQtaXd0LWNvbnRlbnQtaG9sZGVyJTIyJTIwc3R5bGUlM0QlMjJwYWRkaW5nLWxlZnQlM0ElMjA1NXB4JTIyJTNFJTBBJTIwJTIwJTIwJTIwJTIwJTIwJTIwJTIwJTNDZGl2JTIwY2xhc3MlM0QlMjJlbHRkLWl3dC10aXRsZS1ob2xkZXIlMjIlM0UlMEElMjAlMjAlMjAlMjAlMjAlMjAlMjAlMjAlMjAlMjAlMjAlMjAlM0NoNSUyMHN0eWxlJTNEJTIyTUFSR0lOLVRPUCUzQSUyMDEyUFglM0Jmb250LXNpemUlM0ElMjAxMnB4JTNCY29sb3IlM0ElMjBncmV5JTNCZm9udC1mYW1pbHklM0ElMjBsYXRvJTNCJTIyJTNFNCUyMExJVFMlM0MlMkZoNSUzRSUwQSUyMCUyMCUyMCUyMCUyMCUyMCUyMCUyMCUzQyUyRmRpdiUzRSUwQSUyMCUyMCUyMCUyMCUyMCUyMCUyMCUyMCUzQ2RpdiUyMGNsYXNzJTNEJTIyZWx0ZC1pd3QtdGV4dC1ob2xkZXIlMjIlM0UlMEElMjAlMjAlMjAlMjAlMjAlMjAlMjAlMjAlMjAlMjAlMjAlMjAlM0NwJTNFJTNDJTJGcCUzRSUwQSUwQSUyMCUyMCUyMCUyMCUyMCUyMCUyMCUyMCUyMCUyMCUyMCUyMCUyMCUyMCUyMCUyMCUyMCUyMCUyMCUyMCUzQyUyRmRpdiUzRSUwQSUyMCUyMCUyMCUyMCUzQyUyRmRpdiUzRSUwQSUzQyUyRmRpdiUzRSUzQ2RpdiUyMGNsYXNzJTNEJTIydmNfZW1wdHlfc3BhY2UlMjIlMjBzdHlsZSUzRCUyMmhlaWdodCUzQSUyMDQwcHglMjIlM0UlM0NzcGFuJTIwY2xhc3MlM0QlMjJ2Y19lbXB0eV9zcGFjZV9pbm5lciUyMiUzRSUzQyUyRnNwYW4lM0UlM0MlMkZkaXYlM0UlMEElM0MlMkZkaXYlM0UlM0MlMkZkaXYlM0UlM0MlMkZkaXYlM0UlM0NkaXYlMjBjbGFzcyUzRCUyMndwYl9jb2x1bW4lMjB2Y19jb2x1bW5fY29udGFpbmVyJTIwdmNfY29sLXNtLTEwJTIwdmNfY29sLWxnLW9mZnNldC0wJTIwdmNfY29sLWxnLTQlMjB2Y19jb2wtbWQtb2Zmc2V0LTAlMjB2Y19jb2wtbWQtNCUyMHZjX2NvbC1zbS1vZmZzZXQtMSUyMiUzRSUzQ2RpdiUyMGNsYXNzJTNEJTIydmNfY29sdW1uLWlubmVyJTIwJTIyJTNFJTNDZGl2JTIwY2xhc3MlM0QlMjJ3cGJfd3JhcHBlciUyMiUzRSUzQ2RpdiUyMGNsYXNzJTNEJTIyZWx0ZC1pd3QlMjBlbHRkLWl3dC1pY29uLWxlZnQlMjBlbHRkLWl3dC1pY29uLXRpbnklMjIlM0UlMEElMjAlMjAlMjAlMjAlM0NkaXYlMjBjbGFzcyUzRCUyMmVsdGQtaXd0LWljb24taG9sZGVyJTIyJTNFJTBBJTIwJTIwJTIwJTIwJTIwJTIwJTIwJTIwJTIwJTIwJTIwJTIwJTIwJTIwJTIwJTIwJTIwJTIwJTIwJTIwJTNDJTJGZGl2JTNFJTBBJTIwJTIwJTIwJTIwJTNDZGl2JTIwY2xhc3MlM0QlMjJlbHRkLWl3dC1jb250ZW50LWhvbGRlciUyMiUyMHN0eWxlJTNEJTIycGFkZGluZy1sZWZ0JTNBJTIwNTVweCUyMiUzRSUwQSUyMCUyMCUyMCUyMCUyMCUyMCUyMCUyMCUzQ2RpdiUyMGNsYXNzJTNEJTIyZWx0ZC1pd3QtdGl0bGUtaG9sZGVyJTIyJTNFJTBBJTIwJTIwJTIwJTIwJTIwJTIwJTIwJTIwJTIwJTIwJTIwJTIwJTBBJTIwJTIwJTIwJTIwJTIwJTIwJTIwJTIwJTNDJTJGZGl2JTNFJTBBJTIwJTIwJTIwJTIwJTIwJTIwJTIwJTIwJTNDZGl2JTIwY2xhc3MlM0QlMjJlbHRkLWl3dC10ZXh0LWhvbGRlciUyMiUzRSUwQSUyMCUyMCUyMCUyMCUyMCUyMCUyMCUyMCUyMCUyMCUyMCUyMCUzQ3AlM0UlM0MlMkZwJTNFJTBBJTBBJTIwJTIwJTIwJTIwJTIwJTIwJTIwJTIwJTIwJTIwJTIwJTIwJTIwJTIwJTIwJTIwJTIwJTIwJTIwJTIwJTNDJTJGZGl2JTNFJTBBJTIwJTIwJTIwJTIwJTNDJTJGZGl2JTNFJTBBJTNDJTJGZGl2JTNFJTBBJTNDJTJGZGl2JTNFJTNDJTJGZGl2JTNFJTNDJTJGZGl2JTNFJTNDJTJGZGl2JTNFJTNDJTJGZGl2JTNF[\/vc_raw_html][vc_column_text]<\/p>\n<h4>L\u2019acc\u00e8s au logement du \u00ab civico \u00bb n. 8 s\u2019effectue en traversant le petit village et en montant les marches qui m\u00e8nent au deuxi\u00e8me niveau du portique en pierre, sud du b\u00e2timent. L&rsquo;exposition \u00e9lev\u00e9e de l&rsquo;appartement offre de son balcon, une vue sur les sommets du \u00ab Col d&rsquo;Esischie \u00bb et la for\u00eat dense de m\u00e9l\u00e8zes. Le logement est r\u00e9parti sur deux niveaux, le premier est compos\u00e9 d&rsquo;une confortable pi\u00e8ce de vie avec une moderne cuisine \u00e9quip\u00e9e avec des plaques \u00e9lectriques, r\u00e9frig\u00e9rateur, \u00e9vier et vaisselle. Un escalier m\u00e8ne \u00e0 la sous pente am\u00e9nag\u00e9e comme zone de couchage apte \u00e0 accueillir jusqu&rsquo;\u00e0 5 personnes et disposant d&rsquo;une grande fen\u00eatre qui donne sur la vall\u00e9e. Ce coin est \u00e9quip\u00e9 avec un confortable lit double, ou bien deux lits simples, un lit superpos\u00e9 pour adultes et un lit simple. Vous ne pouvez pas manquer dans une maison de montagne d&rsquo;un po\u00eale \u00e0 bois pour chauffer le logement et d\u2019une salle de bains confortable avec eau chaude et douche. Une connexion internet gratuite est disponible.<\/h4>\n<p>[\/vc_column_text][vc_empty_space]\t\t<\/div>\n\t<\/div>\n<\/div><\/div>[\/vc_column][\/vc_row][vc_row content_width=\u00a0\u00bbgrid\u00a0\u00bb css=\u00a0\u00bb.vc_custom_1509532829390{margin-top: 25px !important;margin-bottom: 25px !important;padding-bottom: 60px !important;background-color: #ffffff !important;}\u00a0\u00bb el_class=\u00a0\u00bbombra\u00a0\u00bb][vc_column css=\u00a0\u00bb.vc_custom_1475676732341{padding-top: 100px !important;}\u00a0\u00bb]<div class=\"eltd-image-gallery\">\n\t<div class=\"eltd-image-gallery-grid eltd-gallery-columns-3 \" >\n\t\t\t\t\t<div class=\"eltd-gallery-image\">\n\t\t\t\t\t\t\t\t<a href=\"https:\/\/www.sagnarotonda.com\/wp-content\/uploads\/2025\/10\/civico8foto1.jpg\" data-rel=\"prettyPhoto[single_pretty_photo]\" title=\"civico8foto1\">\n\t\t\t\t\t\t\t\t\t\t\t\t\t\t\t\t<img loading=\"lazy\" decoding=\"async\" width=\"1200\" height=\"800\" src=\"https:\/\/www.sagnarotonda.com\/wp-content\/uploads\/2025\/10\/civico8foto1.jpg\" class=\"attachment-full size-full\" alt=\"\" srcset=\"https:\/\/www.sagnarotonda.com\/wp-content\/uploads\/2025\/10\/civico8foto1.jpg 1200w, https:\/\/www.sagnarotonda.com\/wp-content\/uploads\/2025\/10\/civico8foto1-300x200.jpg 300w, https:\/\/www.sagnarotonda.com\/wp-content\/uploads\/2025\/10\/civico8foto1-1024x683.jpg 1024w, https:\/\/www.sagnarotonda.com\/wp-content\/uploads\/2025\/10\/civico8foto1-768x512.jpg 768w\" sizes=\"auto, (max-width: 1200px) 100vw, 1200px\" \/>\t\t\t\t\t\t\t\t\t\t\t\t\t\t<\/a>\n\t\t\t\t\t\t<\/div>\n\t\t\t\t\t<div class=\"eltd-gallery-image\">\n\t\t\t\t\t\t\t\t<a href=\"https:\/\/www.sagnarotonda.com\/wp-content\/uploads\/2025\/10\/civico8foto2.jpg\" data-rel=\"prettyPhoto[single_pretty_photo]\" title=\"civico8foto2\">\n\t\t\t\t\t\t\t\t\t\t\t\t\t\t\t\t<img loading=\"lazy\" decoding=\"async\" width=\"1200\" height=\"800\" src=\"https:\/\/www.sagnarotonda.com\/wp-content\/uploads\/2025\/10\/civico8foto2.jpg\" class=\"attachment-full size-full\" alt=\"\" srcset=\"https:\/\/www.sagnarotonda.com\/wp-content\/uploads\/2025\/10\/civico8foto2.jpg 1200w, https:\/\/www.sagnarotonda.com\/wp-content\/uploads\/2025\/10\/civico8foto2-300x200.jpg 300w, https:\/\/www.sagnarotonda.com\/wp-content\/uploads\/2025\/10\/civico8foto2-1024x683.jpg 1024w, https:\/\/www.sagnarotonda.com\/wp-content\/uploads\/2025\/10\/civico8foto2-768x512.jpg 768w\" sizes=\"auto, (max-width: 1200px) 100vw, 1200px\" \/>\t\t\t\t\t\t\t\t\t\t\t\t\t\t<\/a>\n\t\t\t\t\t\t<\/div>\n\t\t\t\t\t<div class=\"eltd-gallery-image\">\n\t\t\t\t\t\t\t\t<a href=\"https:\/\/www.sagnarotonda.com\/wp-content\/uploads\/2025\/10\/civico8foto3.jpg\" data-rel=\"prettyPhoto[single_pretty_photo]\" title=\"civico8foto3\">\n\t\t\t\t\t\t\t\t\t\t\t\t\t\t\t\t<img loading=\"lazy\" decoding=\"async\" width=\"1200\" height=\"800\" src=\"https:\/\/www.sagnarotonda.com\/wp-content\/uploads\/2025\/10\/civico8foto3.jpg\" class=\"attachment-full size-full\" alt=\"\" srcset=\"https:\/\/www.sagnarotonda.com\/wp-content\/uploads\/2025\/10\/civico8foto3.jpg 1200w, https:\/\/www.sagnarotonda.com\/wp-content\/uploads\/2025\/10\/civico8foto3-300x200.jpg 300w, https:\/\/www.sagnarotonda.com\/wp-content\/uploads\/2025\/10\/civico8foto3-1024x683.jpg 1024w, https:\/\/www.sagnarotonda.com\/wp-content\/uploads\/2025\/10\/civico8foto3-768x512.jpg 768w\" sizes=\"auto, (max-width: 1200px) 100vw, 1200px\" \/>\t\t\t\t\t\t\t\t\t\t\t\t\t\t<\/a>\n\t\t\t\t\t\t<\/div>\n\t\t\t\t\t<div class=\"eltd-gallery-image\">\n\t\t\t\t\t\t\t\t<a href=\"https:\/\/www.sagnarotonda.com\/wp-content\/uploads\/2025\/10\/civico8foto4.jpg\" data-rel=\"prettyPhoto[single_pretty_photo]\" title=\"civico8foto4\">\n\t\t\t\t\t\t\t\t\t\t\t\t\t\t\t\t<img loading=\"lazy\" decoding=\"async\" width=\"1200\" height=\"800\" src=\"https:\/\/www.sagnarotonda.com\/wp-content\/uploads\/2025\/10\/civico8foto4.jpg\" class=\"attachment-full size-full\" alt=\"\" srcset=\"https:\/\/www.sagnarotonda.com\/wp-content\/uploads\/2025\/10\/civico8foto4.jpg 1200w, https:\/\/www.sagnarotonda.com\/wp-content\/uploads\/2025\/10\/civico8foto4-300x200.jpg 300w, https:\/\/www.sagnarotonda.com\/wp-content\/uploads\/2025\/10\/civico8foto4-1024x683.jpg 1024w, https:\/\/www.sagnarotonda.com\/wp-content\/uploads\/2025\/10\/civico8foto4-768x512.jpg 768w\" sizes=\"auto, (max-width: 1200px) 100vw, 1200px\" \/>\t\t\t\t\t\t\t\t\t\t\t\t\t\t<\/a>\n\t\t\t\t\t\t<\/div>\n\t\t\t\t\t<div class=\"eltd-gallery-image\">\n\t\t\t\t\t\t\t\t<a href=\"https:\/\/www.sagnarotonda.com\/wp-content\/uploads\/2025\/10\/civico8foto5.jpg\" data-rel=\"prettyPhoto[single_pretty_photo]\" title=\"civico8foto5\">\n\t\t\t\t\t\t\t\t\t\t\t\t\t\t\t\t<img loading=\"lazy\" decoding=\"async\" width=\"1200\" height=\"800\" src=\"https:\/\/www.sagnarotonda.com\/wp-content\/uploads\/2025\/10\/civico8foto5.jpg\" class=\"attachment-full size-full\" alt=\"\" srcset=\"https:\/\/www.sagnarotonda.com\/wp-content\/uploads\/2025\/10\/civico8foto5.jpg 1200w, https:\/\/www.sagnarotonda.com\/wp-content\/uploads\/2025\/10\/civico8foto5-300x200.jpg 300w, https:\/\/www.sagnarotonda.com\/wp-content\/uploads\/2025\/10\/civico8foto5-1024x683.jpg 1024w, https:\/\/www.sagnarotonda.com\/wp-content\/uploads\/2025\/10\/civico8foto5-768x512.jpg 768w\" sizes=\"auto, (max-width: 1200px) 100vw, 1200px\" \/>\t\t\t\t\t\t\t\t\t\t\t\t\t\t<\/a>\n\t\t\t\t\t\t<\/div>\n\t\t\t\t\t<div class=\"eltd-gallery-image\">\n\t\t\t\t\t\t\t\t<a href=\"https:\/\/www.sagnarotonda.com\/wp-content\/uploads\/2025\/10\/civico8foto6.jpg\" data-rel=\"prettyPhoto[single_pretty_photo]\" title=\"civico8foto6\">\n\t\t\t\t\t\t\t\t\t\t\t\t\t\t\t\t<img loading=\"lazy\" decoding=\"async\" width=\"1200\" height=\"800\" src=\"https:\/\/www.sagnarotonda.com\/wp-content\/uploads\/2025\/10\/civico8foto6.jpg\" class=\"attachment-full size-full\" alt=\"\" srcset=\"https:\/\/www.sagnarotonda.com\/wp-content\/uploads\/2025\/10\/civico8foto6.jpg 1200w, https:\/\/www.sagnarotonda.com\/wp-content\/uploads\/2025\/10\/civico8foto6-300x200.jpg 300w, https:\/\/www.sagnarotonda.com\/wp-content\/uploads\/2025\/10\/civico8foto6-1024x683.jpg 1024w, https:\/\/www.sagnarotonda.com\/wp-content\/uploads\/2025\/10\/civico8foto6-768x512.jpg 768w\" sizes=\"auto, (max-width: 1200px) 100vw, 1200px\" \/>\t\t\t\t\t\t\t\t\t\t\t\t\t\t<\/a>\n\t\t\t\t\t\t<\/div>\n\t\t\t\t\t<div class=\"eltd-gallery-image\">\n\t\t\t\t\t\t\t\t<a href=\"https:\/\/www.sagnarotonda.com\/wp-content\/uploads\/2025\/10\/civico8foto7.jpg\" data-rel=\"prettyPhoto[single_pretty_photo]\" title=\"civico8foto7\">\n\t\t\t\t\t\t\t\t\t\t\t\t\t\t\t\t<img loading=\"lazy\" decoding=\"async\" width=\"1200\" height=\"800\" src=\"https:\/\/www.sagnarotonda.com\/wp-content\/uploads\/2025\/10\/civico8foto7.jpg\" class=\"attachment-full size-full\" alt=\"\" srcset=\"https:\/\/www.sagnarotonda.com\/wp-content\/uploads\/2025\/10\/civico8foto7.jpg 1200w, https:\/\/www.sagnarotonda.com\/wp-content\/uploads\/2025\/10\/civico8foto7-300x200.jpg 300w, https:\/\/www.sagnarotonda.com\/wp-content\/uploads\/2025\/10\/civico8foto7-1024x683.jpg 1024w, https:\/\/www.sagnarotonda.com\/wp-content\/uploads\/2025\/10\/civico8foto7-768x512.jpg 768w\" sizes=\"auto, (max-width: 1200px) 100vw, 1200px\" \/>\t\t\t\t\t\t\t\t\t\t\t\t\t\t<\/a>\n\t\t\t\t\t\t<\/div>\n\t\t\t\t\t<div class=\"eltd-gallery-image\">\n\t\t\t\t\t\t\t\t<a href=\"https:\/\/www.sagnarotonda.com\/wp-content\/uploads\/2025\/10\/civico8foto8.jpg\" data-rel=\"prettyPhoto[single_pretty_photo]\" title=\"civico8foto8\">\n\t\t\t\t\t\t\t\t\t\t\t\t\t\t\t\t<img loading=\"lazy\" decoding=\"async\" width=\"1200\" height=\"800\" src=\"https:\/\/www.sagnarotonda.com\/wp-content\/uploads\/2025\/10\/civico8foto8.jpg\" class=\"attachment-full size-full\" alt=\"\" srcset=\"https:\/\/www.sagnarotonda.com\/wp-content\/uploads\/2025\/10\/civico8foto8.jpg 1200w, https:\/\/www.sagnarotonda.com\/wp-content\/uploads\/2025\/10\/civico8foto8-300x200.jpg 300w, https:\/\/www.sagnarotonda.com\/wp-content\/uploads\/2025\/10\/civico8foto8-1024x683.jpg 1024w, https:\/\/www.sagnarotonda.com\/wp-content\/uploads\/2025\/10\/civico8foto8-768x512.jpg 768w\" sizes=\"auto, (max-width: 1200px) 100vw, 1200px\" \/>\t\t\t\t\t\t\t\t\t\t\t\t\t\t<\/a>\n\t\t\t\t\t\t<\/div>\n\t\t\t\t\t<div class=\"eltd-gallery-image\">\n\t\t\t\t\t\t\t\t<a href=\"https:\/\/www.sagnarotonda.com\/wp-content\/uploads\/2025\/10\/civico8foto9.jpg\" data-rel=\"prettyPhoto[single_pretty_photo]\" title=\"civico8foto9\">\n\t\t\t\t\t\t\t\t\t\t\t\t\t\t\t\t<img loading=\"lazy\" decoding=\"async\" width=\"1200\" height=\"801\" src=\"https:\/\/www.sagnarotonda.com\/wp-content\/uploads\/2025\/10\/civico8foto9.jpg\" class=\"attachment-full size-full\" alt=\"\" srcset=\"https:\/\/www.sagnarotonda.com\/wp-content\/uploads\/2025\/10\/civico8foto9.jpg 1200w, https:\/\/www.sagnarotonda.com\/wp-content\/uploads\/2025\/10\/civico8foto9-300x200.jpg 300w, https:\/\/www.sagnarotonda.com\/wp-content\/uploads\/2025\/10\/civico8foto9-1024x684.jpg 1024w, https:\/\/www.sagnarotonda.com\/wp-content\/uploads\/2025\/10\/civico8foto9-768x513.jpg 768w\" sizes=\"auto, (max-width: 1200px) 100vw, 1200px\" \/>\t\t\t\t\t\t\t\t\t\t\t\t\t\t<\/a>\n\t\t\t\t\t\t<\/div>\n\t\t\t<\/div>\n<\/div>[\/vc_column][\/vc_row][vc_row content_width=\u00a0\u00bbgrid\u00a0\u00bb css=\u00a0\u00bb.vc_custom_1509533170433{margin-bottom: 25px !important;padding-top: 60px !important;padding-right: 20px !important;padding-bottom: 60px !important;padding-left: 20px !important;background-color: #ffffff !important;}\u00a0\u00bb el_class=\u00a0\u00bbombra2&Prime;][vc_column width=\u00a0\u00bb1\/2&Prime;][vc_column_text]<\/p>\n<h3 style=\"font-size: 30px;\">Informations suppl\u00e9mentaires<\/h3>\n<h5>Check-in: samedi \u00e0 partir de 16h00<\/h5>\n<h5>Check-out: samedi avant 10h00<\/h5>\n<h5>Appartement d&rsquo;assainissement avec des animaux: 70 Euros<\/h5>\n<h5>Nettoyage final s&rsquo;il n&rsquo;est pas effectu\u00e9 par le client: 75 Euros<\/h5>\n<h5>Caution: 200 Euros<\/h5>\n<p>[\/vc_column_text][\/vc_column][\/vc_row][vc_row row_type=\u00a0\u00bbparallax\u00a0\u00bb content_width=\u00a0\u00bbgrid\u00a0\u00bb content_aligment=\u00a0\u00bbcenter\u00a0\u00bb full_screen_section_height=\u00a0\u00bbno\u00a0\u00bb parallax_background_image=\u00a0\u00bb8410&Prime; css=\u00a0\u00bb.vc_custom_1509533935552{padding-top: 95px !important;padding-bottom: 100px !important;}\u00a0\u00bb el_class=\u00a0\u00bbombra\u00a0\u00bb][vc_column offset=\u00a0\u00bbvc_col-lg-offset-3 vc_col-lg-6 vc_col-md-offset-1 vc_col-md-10&Prime;]<div class=\"eltd-section-title-outer-holder\" style=\"text-align: center\">\n\n\t\n\t\t\t<div class=\"eltd-section-title-title-holder\">\n\t\t\t\t<h2 class=\"eltd-section-title\" style=\";font-size: 45px;color: #ffffff;;;;;\">\n\t\t\t\tR\u00e9servez votre s\u00e9jour\t\t\t\t<\/h2>\n\t\t<\/div>\n\t\n<\/div>[vc_column_text]<\/p>\n<h4 style=\"color: white; font-weight: 400;\"><em>Des vacances o\u00f9 vous \u00eates en contact avec la nature<\/em><\/h4>\n<p>[\/vc_column_text][vc_empty_space height=\u00a0\u00bb30px\u00a0\u00bb]<a href=\"\/fr\/contacts\/\" target=\"_self\" style=\"color: #333333;background-color: #ffffff;border-color: #ffffff\" class=\"eltd-btn eltd-btn-medium eltd-btn-solid eltd-btn-custom-hover-bg eltd-btn-custom-border-hover eltd-btn-custom-hover-color eltd-btn-hover-animation eltd-btn-sweep-from-left\" data-hover-bg-color=\"#333333\" data-hover-color=\"#ffffff\" data-hover-border-color=\"#333333\" >\n\t\t\t<div class=\"eltd-btn-hover-overlay\"><\/div>\n\t    <span class=\"eltd-btn-text\">CONTACTEZ NOUS<\/span>\n    <\/a>[\/vc_column][\/vc_row]<\/p>\n","protected":false},"excerpt":{"rendered":"<p>[vc_row css=\u00a0\u00bb.vc_custom_1508915521034{margin-bottom: 25px !important;background-color: #ffffff !important;}\u00a0\u00bb el_class=\u00a0\u00bbombra\u00a0\u00bb][vc_column][\/vc_column][\/vc_row][vc_row content_width=\u00a0\u00bbgrid\u00a0\u00bb css=\u00a0\u00bb.vc_custom_1509532829390{margin-top: 25px !important;margin-bottom: 25px !important;padding-bottom: 60px !important;background-color: #ffffff !important;}\u00a0\u00bb el_class=\u00a0\u00bbombra\u00a0\u00bb][vc_column css=\u00a0\u00bb.vc_custom_1475676732341{padding-top: 100px !important;}\u00a0\u00bb][\/vc_column][\/vc_row][vc_row content_width=\u00a0\u00bbgrid\u00a0\u00bb css=\u00a0\u00bb.vc_custom_1509533170433{margin-bottom: 25px !important;padding-top: 60px !important;padding-right: 20px !important;padding-bottom: 60px !important;padding-left: 20px !important;background-color: #ffffff !important;}\u00a0\u00bb el_class=\u00a0\u00bbombra2&Prime;][vc_column width=\u00a0\u00bb1\/2&Prime;][vc_column_text] Informations suppl\u00e9mentaires Check-in: samedi \u00e0 partir de 16h00&#8230;<\/p>\n","protected":false},"author":1,"featured_media":0,"parent":0,"menu_order":0,"comment_status":"closed","ping_status":"closed","template":"full-width.php","meta":{"footnotes":""},"class_list":["post-9053","page","type-page","status-publish","hentry"],"_links":{"self":[{"href":"https:\/\/www.sagnarotonda.com\/fr\/wp-json\/wp\/v2\/pages\/9053","targetHints":{"allow":["GET"]}}],"collection":[{"href":"https:\/\/www.sagnarotonda.com\/fr\/wp-json\/wp\/v2\/pages"}],"about":[{"href":"https:\/\/www.sagnarotonda.com\/fr\/wp-json\/wp\/v2\/types\/page"}],"author":[{"embeddable":true,"href":"https:\/\/www.sagnarotonda.com\/fr\/wp-json\/wp\/v2\/users\/1"}],"replies":[{"embeddable":true,"href":"https:\/\/www.sagnarotonda.com\/fr\/wp-json\/wp\/v2\/comments?post=9053"}],"version-history":[{"count":11,"href":"https:\/\/www.sagnarotonda.com\/fr\/wp-json\/wp\/v2\/pages\/9053\/revisions"}],"predecessor-version":[{"id":11134,"href":"https:\/\/www.sagnarotonda.com\/fr\/wp-json\/wp\/v2\/pages\/9053\/revisions\/11134"}],"wp:attachment":[{"href":"https:\/\/www.sagnarotonda.com\/fr\/wp-json\/wp\/v2\/media?parent=9053"}],"curies":[{"name":"wp","href":"https:\/\/api.w.org\/{rel}","templated":true}]}}